{"id":1218,"date":"2022-09-01T14:30:57","date_gmt":"2022-09-01T19:30:57","guid":{"rendered":"https:\/\/crpasteur.com\/?page_id=1218"},"modified":"2025-12-13T11:41:19","modified_gmt":"2025-12-13T16:41:19","slug":"sorteo-de-parqueaderos","status":"publish","type":"page","link":"https:\/\/crpasteur.com\/index.php\/sorteo-de-parqueaderos\/","title":{"rendered":"Sorteo de Parqueaderos"},"content":{"rendered":"\t\t<div data-elementor-type=\"wp-page\" data-elementor-id=\"1218\" class=\"elementor elementor-1218\">\n\t\t\t\t\t\t\t\t\t<section class=\"elementor-section elementor-top-section elementor-element elementor-element-9b304ce elementor-section-boxed elementor-section-height-default elementor-section-height-default\" data-id=\"9b304ce\" data-element_type=\"section\">\n\t\t\t\t\t\t<div class=\"elementor-container elementor-column-gap-default\">\n\t\t\t\t\t<div class=\"elementor-column elementor-col-100 elementor-top-column elementor-element elementor-element-6829413\" data-id=\"6829413\" data-element_type=\"column\">\n\t\t\t<div class=\"elementor-widget-wrap elementor-element-populated\">\n\t\t\t\t\t\t\t\t<div class=\"elementor-element elementor-element-6254201 elementor-widget elementor-widget-button\" data-id=\"6254201\" data-element_type=\"widget\" data-widget_type=\"button.default\">\n\t\t\t\t<div class=\"elementor-widget-container\">\n\t\t\t\t\t<div class=\"elementor-button-wrapper\">\n\t\t\t<a class=\"elementor-button elementor-size-sm\" role=\"button\">\n\t\t\t\t\t\t<span class=\"elementor-button-content-wrapper\">\n\t\t\t\t\t\t<span class=\"elementor-button-text\">INSCRIPCION SORTEO PARQUEADEROS MAR-MAY2026<\/span>\n\t\t<\/span>\n\t\t\t\t\t<\/a>\n\t\t<\/div>\n\t\t\t\t<\/div>\n\t\t\t\t<\/div>\n\t\t\t\t<div class=\"elementor-element elementor-element-7f96785 elementor-widget elementor-widget-image\" data-id=\"7f96785\" data-element_type=\"widget\" data-widget_type=\"image.default\">\n\t\t\t\t<div class=\"elementor-widget-container\">\n\t\t\t\t\t\t\t\t\t\t\t\t\t\t\t<img loading=\"lazy\" decoding=\"async\" width=\"1024\" height=\"576\" src=\"https:\/\/crpasteur.com\/wp-content\/uploads\/2023\/05\/Black-and-White-Doodle-Mind-Map-Brainstorming-1024x576.png\" class=\"attachment-large size-large\" alt=\"\" srcset=\"https:\/\/crpasteur.com\/wp-content\/uploads\/2023\/05\/Black-and-White-Doodle-Mind-Map-Brainstorming-1024x576.png 1024w, https:\/\/crpasteur.com\/wp-content\/uploads\/2023\/05\/Black-and-White-Doodle-Mind-Map-Brainstorming-300x169.png 300w, https:\/\/crpasteur.com\/wp-content\/uploads\/2023\/05\/Black-and-White-Doodle-Mind-Map-Brainstorming-768x432.png 768w, https:\/\/crpasteur.com\/wp-content\/uploads\/2023\/05\/Black-and-White-Doodle-Mind-Map-Brainstorming-1536x864.png 1536w, https:\/\/crpasteur.com\/wp-content\/uploads\/2023\/05\/Black-and-White-Doodle-Mind-Map-Brainstorming.png 1920w\" sizes=\"auto, (max-width: 1024px) 100vw, 1024px\" \/>\t\t\t\t\t\t\t\t\t\t\t\t\t\t\t<\/div>\n\t\t\t\t<\/div>\n\t\t\t\t\t<\/div>\n\t\t<\/div>\n\t\t\t\t\t\t\t<\/div>\n\t\t<\/section>\n\t\t\t\t<section class=\"elementor-section elementor-top-section elementor-element elementor-element-c1020ba elementor-section-boxed elementor-section-height-default elementor-section-height-default\" data-id=\"c1020ba\" data-element_type=\"section\">\n\t\t\t\t\t\t<div class=\"elementor-container elementor-column-gap-default\">\n\t\t\t\t\t<div class=\"elementor-column elementor-col-100 elementor-top-column elementor-element elementor-element-8c98490\" data-id=\"8c98490\" data-element_type=\"column\">\n\t\t\t<div class=\"elementor-widget-wrap elementor-element-populated\">\n\t\t\t\t\t\t\t\t<div class=\"elementor-element elementor-element-ad2f8c0 elementor-widget elementor-widget-spacer\" data-id=\"ad2f8c0\" data-element_type=\"widget\" data-widget_type=\"spacer.default\">\n\t\t\t\t<div class=\"elementor-widget-container\">\n\t\t\t\t\t<div class=\"elementor-spacer\">\n\t\t\t<div class=\"elementor-spacer-inner\"><\/div>\n\t\t<\/div>\n\t\t\t\t<\/div>\n\t\t\t\t<\/div>\n\t\t\t\t<section class=\"elementor-section elementor-inner-section elementor-element elementor-element-ca60430 elementor-section-boxed elementor-section-height-default elementor-section-height-default\" data-id=\"ca60430\" data-element_type=\"section\">\n\t\t\t\t\t\t<div class=\"elementor-container elementor-column-gap-default\">\n\t\t\t\t\t<div class=\"elementor-column elementor-col-50 elementor-inner-column elementor-element elementor-element-fa245b7\" data-id=\"fa245b7\" data-element_type=\"column\">\n\t\t\t<div class=\"elementor-widget-wrap elementor-element-populated\">\n\t\t\t\t\t\t\t\t<div class=\"elementor-element elementor-element-f898ee0 elementor-widget elementor-widget-heading\" data-id=\"f898ee0\" data-element_type=\"widget\" data-widget_type=\"heading.default\">\n\t\t\t\t<div class=\"elementor-widget-container\">\n\t\t\t<h2 class=\"elementor-heading-title elementor-size-default\">Estimado(a) Propietario\/ Residente<\/h2>\t\t<\/div>\n\t\t\t\t<\/div>\n\t\t\t\t<div class=\"elementor-element elementor-element-bf9833d elementor-widget elementor-widget-text-editor\" data-id=\"bf9833d\" data-element_type=\"widget\" data-widget_type=\"text-editor.default\">\n\t\t\t\t<div class=\"elementor-widget-container\">\n\t\t\t\t\t\t\t<p>De acuerdo con el reglamento de parqueaderos nos permitimos informar que el pr\u00f3ximo sorteo de parqueaderos de carro y moto ser\u00e1 entre el 25 y 29 de agosto de 2025, para el per\u00edodo sep-oct-nov-2025<\/p>\t\t\t\t\t\t<\/div>\n\t\t\t\t<\/div>\n\t\t\t\t\t<\/div>\n\t\t<\/div>\n\t\t\t\t<div class=\"elementor-column elementor-col-50 elementor-inner-column elementor-element elementor-element-51bb44c\" data-id=\"51bb44c\" data-element_type=\"column\">\n\t\t\t<div class=\"elementor-widget-wrap elementor-element-populated\">\n\t\t\t\t\t\t\t\t<div class=\"elementor-element elementor-element-a06090e elementor-widget elementor-widget-image\" data-id=\"a06090e\" data-element_type=\"widget\" data-widget_type=\"image.default\">\n\t\t\t\t<div class=\"elementor-widget-container\">\n\t\t\t\t\t\t\t\t\t\t\t\t\t\t\t<img loading=\"lazy\" decoding=\"async\" width=\"1024\" height=\"724\" src=\"https:\/\/crpasteur.com\/wp-content\/uploads\/2021\/05\/parqueadero-pasteur-1024x724.png\" class=\"attachment-large size-large\" alt=\"\" srcset=\"https:\/\/crpasteur.com\/wp-content\/uploads\/2021\/05\/parqueadero-pasteur-1024x724.png 1024w, https:\/\/crpasteur.com\/wp-content\/uploads\/2021\/05\/parqueadero-pasteur-300x212.png 300w, https:\/\/crpasteur.com\/wp-content\/uploads\/2021\/05\/parqueadero-pasteur-768x543.png 768w, https:\/\/crpasteur.com\/wp-content\/uploads\/2021\/05\/parqueadero-pasteur.png 1374w\" sizes=\"auto, (max-width: 1024px) 100vw, 1024px\" \/>\t\t\t\t\t\t\t\t\t\t\t\t\t\t\t<\/div>\n\t\t\t\t<\/div>\n\t\t\t\t\t<\/div>\n\t\t<\/div>\n\t\t\t\t\t\t\t<\/div>\n\t\t<\/section>\n\t\t\t\t\t<\/div>\n\t\t<\/div>\n\t\t\t\t\t\t\t<\/div>\n\t\t<\/section>\n\t\t\t\t<section class=\"elementor-section elementor-top-section elementor-element elementor-element-cc3059c elementor-section-boxed elementor-section-height-default elementor-section-height-default\" data-id=\"cc3059c\" data-element_type=\"section\">\n\t\t\t\t\t\t<div class=\"elementor-container elementor-column-gap-default\">\n\t\t\t\t\t<div class=\"elementor-column elementor-col-100 elementor-top-column elementor-element elementor-element-10dbb90\" data-id=\"10dbb90\" data-element_type=\"column\">\n\t\t\t<div class=\"elementor-widget-wrap elementor-element-populated\">\n\t\t\t\t\t\t\t\t<section class=\"elementor-section elementor-inner-section elementor-element elementor-element-e473d07 elementor-section-boxed elementor-section-height-default elementor-section-height-default\" data-id=\"e473d07\" data-element_type=\"section\">\n\t\t\t\t\t\t<div class=\"elementor-container elementor-column-gap-default\">\n\t\t\t\t\t<div class=\"elementor-column elementor-col-50 elementor-inner-column elementor-element elementor-element-c873227\" data-id=\"c873227\" data-element_type=\"column\">\n\t\t\t<div class=\"elementor-widget-wrap elementor-element-populated\">\n\t\t\t\t\t\t\t\t<div class=\"elementor-element elementor-element-5f255eb elementor-widget elementor-widget-image\" data-id=\"5f255eb\" data-element_type=\"widget\" data-widget_type=\"image.default\">\n\t\t\t\t<div class=\"elementor-widget-container\">\n\t\t\t\t\t\t\t\t\t\t\t\t\t\t\t<img loading=\"lazy\" decoding=\"async\" width=\"874\" height=\"744\" src=\"https:\/\/crpasteur.com\/wp-content\/uploads\/2021\/05\/condiciones-sorteo-pasteur.png\" class=\"attachment-large size-large\" alt=\"\" srcset=\"https:\/\/crpasteur.com\/wp-content\/uploads\/2021\/05\/condiciones-sorteo-pasteur.png 874w, https:\/\/crpasteur.com\/wp-content\/uploads\/2021\/05\/condiciones-sorteo-pasteur-300x255.png 300w, https:\/\/crpasteur.com\/wp-content\/uploads\/2021\/05\/condiciones-sorteo-pasteur-768x654.png 768w\" sizes=\"auto, (max-width: 874px) 100vw, 874px\" \/>\t\t\t\t\t\t\t\t\t\t\t\t\t\t\t<\/div>\n\t\t\t\t<\/div>\n\t\t\t\t\t<\/div>\n\t\t<\/div>\n\t\t\t\t<div class=\"elementor-column elementor-col-50 elementor-inner-column elementor-element elementor-element-9ff4e16\" data-id=\"9ff4e16\" data-element_type=\"column\">\n\t\t\t<div class=\"elementor-widget-wrap elementor-element-populated\">\n\t\t\t\t\t\t\t\t<div class=\"elementor-element elementor-element-b2e84e8 elementor-widget elementor-widget-heading\" data-id=\"b2e84e8\" data-element_type=\"widget\" data-widget_type=\"heading.default\">\n\t\t\t\t<div class=\"elementor-widget-container\">\n\t\t\t<h2 class=\"elementor-heading-title elementor-size-default\">Condiciones del sorteo<\/h2>\t\t<\/div>\n\t\t\t\t<\/div>\n\t\t\t\t<div class=\"elementor-element elementor-element-13ecd7e elementor-widget elementor-widget-text-editor\" data-id=\"13ecd7e\" data-element_type=\"widget\" data-widget_type=\"text-editor.default\">\n\t\t\t\t<div class=\"elementor-widget-container\">\n\t\t\t\t\t\t\t<div class=\"elementor-element elementor-element-53e2873 elementor-widget elementor-widget-heading\" data-id=\"53e2873\" data-element_type=\"widget\" data-widget_type=\"heading.default\"><div class=\"elementor-widget-container\"><h4 class=\"elementor-heading-title elementor-size-default\"><span style=\"color: #000000;\">1. Cumplir con estas condiciones<\/span><\/h4><\/div><\/div><div class=\"elementor-element elementor-element-67589e7 elementor-widget elementor-widget-text-editor\" data-id=\"67589e7\" data-element_type=\"widget\" data-widget_type=\"text-editor.default\"><div class=\"elementor-widget-container\"><div class=\"elementor-text-editor elementor-clearfix\"><ul><li><span style=\"color: #000000;\">Ser Residente del Conjunto Residencial Pasteur<\/span><\/li><li><span style=\"color: #000000;\">Estar a paz y salvo por todo concepto con la Administraci\u00f3n es decir que sus obligaciones de expensas comunes se hayan pagado dentro de los 10 primeros d\u00edas de cada mes.<\/span><\/li><li><span style=\"color: #000000;\">Diligenciar el Formulario virtual enviado por la Administraci\u00f3n para acceder al cupo rotativo de parqueaderos<\/span><\/li><\/ul><\/div><\/div><\/div>\t\t\t\t\t\t<\/div>\n\t\t\t\t<\/div>\n\t\t\t\t\t<\/div>\n\t\t<\/div>\n\t\t\t\t\t\t\t<\/div>\n\t\t<\/section>\n\t\t\t\t\t<\/div>\n\t\t<\/div>\n\t\t\t\t\t\t\t<\/div>\n\t\t<\/section>\n\t\t\t\t<section class=\"elementor-section elementor-top-section elementor-element elementor-element-79ec922 elementor-section-boxed elementor-section-height-default elementor-section-height-default\" data-id=\"79ec922\" data-element_type=\"section\">\n\t\t\t\t\t\t<div class=\"elementor-container elementor-column-gap-default\">\n\t\t\t\t\t<div class=\"elementor-column elementor-col-100 elementor-top-column elementor-element elementor-element-c85a88c\" data-id=\"c85a88c\" data-element_type=\"column\">\n\t\t\t<div class=\"elementor-widget-wrap elementor-element-populated\">\n\t\t\t\t\t\t\t\t<section class=\"elementor-section elementor-inner-section elementor-element elementor-element-7c798f9 elementor-section-boxed elementor-section-height-default elementor-section-height-default\" data-id=\"7c798f9\" data-element_type=\"section\">\n\t\t\t\t\t\t<div class=\"elementor-container elementor-column-gap-default\">\n\t\t\t\t\t<div class=\"elementor-column elementor-col-50 elementor-inner-column elementor-element elementor-element-7051878\" data-id=\"7051878\" data-element_type=\"column\">\n\t\t\t<div class=\"elementor-widget-wrap elementor-element-populated\">\n\t\t\t\t\t\t\t\t<div class=\"elementor-element elementor-element-12eece8 elementor-widget elementor-widget-heading\" data-id=\"12eece8\" data-element_type=\"widget\" data-widget_type=\"heading.default\">\n\t\t\t\t<div class=\"elementor-widget-container\">\n\t\t\t<h2 class=\"elementor-heading-title elementor-size-default\">2. Inscribirte llenando este formulario<\/h2>\t\t<\/div>\n\t\t\t\t<\/div>\n\t\t\t\t<div class=\"elementor-element elementor-element-35e56f8 elementor-widget elementor-widget-text-editor\" data-id=\"35e56f8\" data-element_type=\"widget\" data-widget_type=\"text-editor.default\">\n\t\t\t\t<div class=\"elementor-widget-container\">\n\t\t\t\t\t\t\t<p>Debes diligenciar el formulario digital con tus datos tanto de apartamento como del veh\u00edculo. El formato es enviado por la administraci\u00f3n con un periodo de inscripci\u00f3n de m\u00ednimo 10 d\u00edas.<\/p>\t\t\t\t\t\t<\/div>\n\t\t\t\t<\/div>\n\t\t\t\t\t<\/div>\n\t\t<\/div>\n\t\t\t\t<div class=\"elementor-column elementor-col-50 elementor-inner-column elementor-element elementor-element-b46daf7\" data-id=\"b46daf7\" data-element_type=\"column\">\n\t\t\t<div class=\"elementor-widget-wrap elementor-element-populated\">\n\t\t\t\t\t\t\t\t<div class=\"elementor-element elementor-element-65c17d2 elementor-widget elementor-widget-image\" data-id=\"65c17d2\" data-element_type=\"widget\" data-widget_type=\"image.default\">\n\t\t\t\t<div class=\"elementor-widget-container\">\n\t\t\t\t\t\t\t\t\t\t\t\t\t\t\t<img loading=\"lazy\" decoding=\"async\" width=\"1024\" height=\"673\" src=\"https:\/\/crpasteur.com\/wp-content\/uploads\/2021\/05\/formulario-sorteo-pasteur-1024x673.png\" class=\"attachment-large size-large\" alt=\"\" srcset=\"https:\/\/crpasteur.com\/wp-content\/uploads\/2021\/05\/formulario-sorteo-pasteur-1024x673.png 1024w, https:\/\/crpasteur.com\/wp-content\/uploads\/2021\/05\/formulario-sorteo-pasteur-300x197.png 300w, https:\/\/crpasteur.com\/wp-content\/uploads\/2021\/05\/formulario-sorteo-pasteur-768x505.png 768w, https:\/\/crpasteur.com\/wp-content\/uploads\/2021\/05\/formulario-sorteo-pasteur.png 1096w\" sizes=\"auto, (max-width: 1024px) 100vw, 1024px\" \/>\t\t\t\t\t\t\t\t\t\t\t\t\t\t\t<\/div>\n\t\t\t\t<\/div>\n\t\t\t\t\t<\/div>\n\t\t<\/div>\n\t\t\t\t\t\t\t<\/div>\n\t\t<\/section>\n\t\t\t\t\t<\/div>\n\t\t<\/div>\n\t\t\t\t\t\t\t<\/div>\n\t\t<\/section>\n\t\t\t\t<section class=\"elementor-section elementor-top-section elementor-element elementor-element-57bb142 elementor-section-boxed elementor-section-height-default elementor-section-height-default\" data-id=\"57bb142\" data-element_type=\"section\">\n\t\t\t\t\t\t<div class=\"elementor-container elementor-column-gap-default\">\n\t\t\t\t\t<div class=\"elementor-column elementor-col-100 elementor-top-column elementor-element elementor-element-5e41409\" data-id=\"5e41409\" data-element_type=\"column\">\n\t\t\t<div class=\"elementor-widget-wrap elementor-element-populated\">\n\t\t\t\t\t\t\t\t<section class=\"elementor-section elementor-inner-section elementor-element elementor-element-2635f05 elementor-section-boxed elementor-section-height-default elementor-section-height-default\" data-id=\"2635f05\" data-element_type=\"section\">\n\t\t\t\t\t\t<div class=\"elementor-container elementor-column-gap-default\">\n\t\t\t\t\t<div class=\"elementor-column elementor-col-50 elementor-inner-column elementor-element elementor-element-ef50fd2\" data-id=\"ef50fd2\" data-element_type=\"column\">\n\t\t\t<div class=\"elementor-widget-wrap elementor-element-populated\">\n\t\t\t\t\t\t\t\t<div class=\"elementor-element elementor-element-5612be0 elementor-widget elementor-widget-image\" data-id=\"5612be0\" data-element_type=\"widget\" data-widget_type=\"image.default\">\n\t\t\t\t<div class=\"elementor-widget-container\">\n\t\t\t\t\t\t\t\t\t\t\t\t\t\t\t<img loading=\"lazy\" decoding=\"async\" width=\"1024\" height=\"612\" src=\"https:\/\/crpasteur.com\/wp-content\/uploads\/2021\/05\/atentos-al-sorteo-1024x612.png\" class=\"attachment-large size-large\" alt=\"\" srcset=\"https:\/\/crpasteur.com\/wp-content\/uploads\/2021\/05\/atentos-al-sorteo-1024x612.png 1024w, https:\/\/crpasteur.com\/wp-content\/uploads\/2021\/05\/atentos-al-sorteo-300x179.png 300w, https:\/\/crpasteur.com\/wp-content\/uploads\/2021\/05\/atentos-al-sorteo-768x459.png 768w, https:\/\/crpasteur.com\/wp-content\/uploads\/2021\/05\/atentos-al-sorteo.png 1096w\" sizes=\"auto, (max-width: 1024px) 100vw, 1024px\" \/>\t\t\t\t\t\t\t\t\t\t\t\t\t\t\t<\/div>\n\t\t\t\t<\/div>\n\t\t\t\t\t<\/div>\n\t\t<\/div>\n\t\t\t\t<div class=\"elementor-column elementor-col-50 elementor-inner-column elementor-element elementor-element-1d7299a\" data-id=\"1d7299a\" data-element_type=\"column\">\n\t\t\t<div class=\"elementor-widget-wrap elementor-element-populated\">\n\t\t\t\t\t\t\t\t<div class=\"elementor-element elementor-element-b2337d9 elementor-widget elementor-widget-heading\" data-id=\"b2337d9\" data-element_type=\"widget\" data-widget_type=\"heading.default\">\n\t\t\t\t<div class=\"elementor-widget-container\">\n\t\t\t<h2 class=\"elementor-heading-title elementor-size-default\">3. Estar atento el d\u00eda del sorteo<\/h2>\t\t<\/div>\n\t\t\t\t<\/div>\n\t\t\t\t<div class=\"elementor-element elementor-element-094c75b elementor-widget elementor-widget-text-editor\" data-id=\"094c75b\" data-element_type=\"widget\" data-widget_type=\"text-editor.default\">\n\t\t\t\t<div class=\"elementor-widget-container\">\n\t\t\t\t\t\t\t<p>El sorteo de parqueaderos se llevar\u00e1 a cabo a trav\u00e9s de canales digitales.\u00a0En esta oportunidad, se efectuar\u00e1 el sorteo mediante\u00a0<strong>TRANSMISI\u00d3N EN VIVO<\/strong>\u00a0por Internet a trav\u00e9s del canal oficial del conjunto disponible en Facebook.<strong>\u00a0<\/strong>Al interior de la p\u00e1gina encontrar\u00e1n el v\u00eddeo con la indicaci\u00f3n\u00a0<strong>EN VIVO<\/strong>, por favor ingresar y asistir al sorteo de forma virtual<\/p>\t\t\t\t\t\t<\/div>\n\t\t\t\t<\/div>\n\t\t\t\t<div class=\"elementor-element elementor-element-bf45140 elementor-align-center elementor-widget elementor-widget-button\" data-id=\"bf45140\" data-element_type=\"widget\" data-widget_type=\"button.default\">\n\t\t\t\t<div class=\"elementor-widget-container\">\n\t\t\t\t\t<div class=\"elementor-button-wrapper\">\n\t\t\t<a href=\"https:\/\/www.facebook.com\/crpasteur\" target=\"_blank\" class=\"elementor-button-link elementor-button elementor-size-sm\" role=\"button\">\n\t\t\t\t\t\t<span class=\"elementor-button-content-wrapper\">\n\t\t\t\t\t\t<span class=\"elementor-button-text\">Ir a Facebook <\/span>\n\t\t<\/span>\n\t\t\t\t\t<\/a>\n\t\t<\/div>\n\t\t\t\t<\/div>\n\t\t\t\t<\/div>\n\t\t\t\t\t<\/div>\n\t\t<\/div>\n\t\t\t\t\t\t\t<\/div>\n\t\t<\/section>\n\t\t\t\t\t<\/div>\n\t\t<\/div>\n\t\t\t\t\t\t\t<\/div>\n\t\t<\/section>\n\t\t\t\t<section class=\"elementor-section elementor-top-section elementor-element elementor-element-10e4364 elementor-section-boxed elementor-section-height-default elementor-section-height-default\" data-id=\"10e4364\" data-element_type=\"section\">\n\t\t\t\t\t\t<div class=\"elementor-container elementor-column-gap-default\">\n\t\t\t\t\t<div class=\"elementor-column elementor-col-100 elementor-top-column elementor-element elementor-element-de2ca3e\" data-id=\"de2ca3e\" data-element_type=\"column\">\n\t\t\t<div class=\"elementor-widget-wrap elementor-element-populated\">\n\t\t\t\t\t\t\t\t<div class=\"elementor-element elementor-element-c3900f5 elementor-widget elementor-widget-heading\" data-id=\"c3900f5\" data-element_type=\"widget\" data-widget_type=\"heading.default\">\n\t\t\t\t<div class=\"elementor-widget-container\">\n\t\t\t<h2 class=\"elementor-heading-title elementor-size-default\">\n\u00bfQu\u00e9 hago si resulto favorecido en el sorteo?<\/h2>\t\t<\/div>\n\t\t\t\t<\/div>\n\t\t\t\t<section class=\"elementor-section elementor-inner-section elementor-element elementor-element-6fdfd74 elementor-section-boxed elementor-section-height-default elementor-section-height-default\" data-id=\"6fdfd74\" data-element_type=\"section\">\n\t\t\t\t\t\t<div class=\"elementor-container elementor-column-gap-default\">\n\t\t\t\t\t<div class=\"elementor-column elementor-col-50 elementor-inner-column elementor-element elementor-element-f469848\" data-id=\"f469848\" data-element_type=\"column\">\n\t\t\t<div class=\"elementor-widget-wrap elementor-element-populated\">\n\t\t\t\t\t\t\t\t<div class=\"elementor-element elementor-element-483269c elementor-widget elementor-widget-text-editor\" data-id=\"483269c\" data-element_type=\"widget\" data-widget_type=\"text-editor.default\">\n\t\t\t\t<div class=\"elementor-widget-container\">\n\t\t\t\t\t\t\t<p>Las personas favorecidas deber\u00e1n\u00a0<strong>OBLIGATORIAMENTE<\/strong>\u00a0enviar los siguientes documentos a la Administraci\u00f3n. Esto aplica tanto para usuarios antiguos como los que se postulan por primera vez:<\/p><ol><li>Copia de la cedula de ciudadan\u00eda del solicitante.<\/li><li>Copia de la tarjeta de propiedad del veh\u00edculo (debe coincidir con el propietario del inmueble).<\/li><li>Copia del Seguro Obligatorio (SOAT), seg\u00fan sea el caso<\/li><li>Copia de la expedici\u00f3n de revisi\u00f3n tecnomec\u00e1nica, seg\u00fan sea el caso<\/li><li>Si es arrendatario, carta firmada por el propietario indicando que autoriza la participaci\u00f3n en el sorteo y que autoriza el cobro del mismo en la factura de administraci\u00f3n.<\/li><\/ol>\t\t\t\t\t\t<\/div>\n\t\t\t\t<\/div>\n\t\t\t\t\t<\/div>\n\t\t<\/div>\n\t\t\t\t<div class=\"elementor-column elementor-col-50 elementor-inner-column elementor-element elementor-element-9d8ee80\" data-id=\"9d8ee80\" data-element_type=\"column\">\n\t\t\t<div class=\"elementor-widget-wrap elementor-element-populated\">\n\t\t\t\t\t\t\t\t<div class=\"elementor-element elementor-element-8f4ebbd elementor-widget elementor-widget-image\" data-id=\"8f4ebbd\" data-element_type=\"widget\" data-widget_type=\"image.default\">\n\t\t\t\t<div class=\"elementor-widget-container\">\n\t\t\t\t\t\t\t\t\t\t\t\t\t\t\t<img loading=\"lazy\" decoding=\"async\" width=\"1024\" height=\"602\" src=\"https:\/\/crpasteur.com\/wp-content\/uploads\/2021\/05\/ganadores-sorteo-pasteur-1024x602.png\" class=\"attachment-large size-large\" alt=\"\" srcset=\"https:\/\/crpasteur.com\/wp-content\/uploads\/2021\/05\/ganadores-sorteo-pasteur-1024x602.png 1024w, https:\/\/crpasteur.com\/wp-content\/uploads\/2021\/05\/ganadores-sorteo-pasteur-300x176.png 300w, https:\/\/crpasteur.com\/wp-content\/uploads\/2021\/05\/ganadores-sorteo-pasteur-768x451.png 768w, https:\/\/crpasteur.com\/wp-content\/uploads\/2021\/05\/ganadores-sorteo-pasteur.png 1384w\" sizes=\"auto, (max-width: 1024px) 100vw, 1024px\" \/>\t\t\t\t\t\t\t\t\t\t\t\t\t\t\t<\/div>\n\t\t\t\t<\/div>\n\t\t\t\t\t<\/div>\n\t\t<\/div>\n\t\t\t\t\t\t\t<\/div>\n\t\t<\/section>\n\t\t\t\t\t<\/div>\n\t\t<\/div>\n\t\t\t\t\t\t\t<\/div>\n\t\t<\/section>\n\t\t\t\t\t\t\t<\/div>\n\t\t","protected":false},"excerpt":{"rendered":"<p>INSCRIPCION SORTEO PARQUEADEROS MAR-MAY2026 Estimado(a) Propietario\/ Residente De acuerdo con el reglamento de parqueaderos nos permitimos informar que el pr\u00f3ximo sorteo de parqueaderos de carro y moto ser\u00e1 entre el 25 y 29 de agosto de 2025, para el per\u00edodo sep-oct-nov-2025 Condiciones del sorteo 1. Cumplir con estas condiciones Ser Residente del Conjunto Residencial Pasteur &hellip;<\/p>\n<p class=\"read-more\"> <a class=\"\" href=\"https:\/\/crpasteur.com\/index.php\/sorteo-de-parqueaderos\/\"> <span class=\"screen-reader-text\">Sorteo de Parqueaderos<\/span> Leer m\u00e1s &raquo;<\/a><\/p>\n","protected":false},"author":1,"featured_media":0,"parent":0,"menu_order":0,"comment_status":"closed","ping_status":"closed","template":"","meta":{"spay_email":"","footnotes":""},"class_list":["post-1218","page","type-page","status-publish","hentry"],"_links":{"self":[{"href":"https:\/\/crpasteur.com\/index.php\/wp-json\/wp\/v2\/pages\/1218","targetHints":{"allow":["GET"]}}],"collection":[{"href":"https:\/\/crpasteur.com\/index.php\/wp-json\/wp\/v2\/pages"}],"about":[{"href":"https:\/\/crpasteur.com\/index.php\/wp-json\/wp\/v2\/types\/page"}],"author":[{"embeddable":true,"href":"https:\/\/crpasteur.com\/index.php\/wp-json\/wp\/v2\/users\/1"}],"replies":[{"embeddable":true,"href":"https:\/\/crpasteur.com\/index.php\/wp-json\/wp\/v2\/comments?post=1218"}],"version-history":[{"count":156,"href":"https:\/\/crpasteur.com\/index.php\/wp-json\/wp\/v2\/pages\/1218\/revisions"}],"predecessor-version":[{"id":2963,"href":"https:\/\/crpasteur.com\/index.php\/wp-json\/wp\/v2\/pages\/1218\/revisions\/2963"}],"wp:attachment":[{"href":"https:\/\/crpasteur.com\/index.php\/wp-json\/wp\/v2\/media?parent=1218"}],"curies":[{"name":"wp","href":"https:\/\/api.w.org\/{rel}","templated":true}]}}